{"id":16,"date":"2009-01-12T16:43:00","date_gmt":"2009-01-12T15:43:00","guid":{"rendered":"http:\/\/www.houmault.com\/v2\/?page_id=16"},"modified":"2018-04-19T13:21:04","modified_gmt":"2018-04-19T12:21:04","slug":"accueil","status":"publish","type":"page","link":"https:\/\/www.houmault.com\/fr\/","title":{"rendered":"Accueil"},"content":{"rendered":"<h2>Le mot du pr\u00e9sident<\/h2>\n<div id=\"patrice\"><\/div>\n<p>Merci de vous int\u00e9resser \u00e0 notre cabinet, nous vous souhaitons la bienvenue sur notre site Internet. <strong>Houmault.com<\/strong>, cabinet de recrutement sp\u00e9cialiste du secteur <strong>Optique &amp; Photonique<\/strong> est le partenaire privil\u00e9gi\u00e9 des soci\u00e9t\u00e9s industrielles. Notre vocation est de vous aider \u00e0 recruter les meilleurs collaborateurs techniques ou commerciaux sur votre coeur de m\u00e9tier :<\/p>\n<ul>\n<li>optique<\/li>\n<li>m\u00e9canique<\/li>\n<li>\u00e9lectronique<\/li>\n<li>logiciels sp\u00e9cialis\u00e9s<\/li>\n<\/ul>\n<p>Notre exp\u00e9rience industrielle nous permet de comprendre rapidement vos comp\u00e9tences et vos besoins. Nous compl\u00e9terons efficacement vos \u00e9quipes lors des phases d&rsquo;\u00e9valuation et de s\u00e9lection. Nous garantissons, \u00e0 nos clients et \u00e0 nos candidats, le professionnalisme et la r\u00e9activit\u00e9 qu&rsquo;ils sont en droit d&rsquo;attendre.<\/p>\n<p style=\"text-align: right;\"><span id=\"signature\">Patrice Houmault<\/span><br \/>\nPr\u00e9sident, ing\u00e9nieur SupOptique 1985<\/p>\n<h2>Retrouvez-nous sur<\/h2>\n<p>&nbsp;<br \/>\n<a id=\"social1\" href=\"https:\/\/twitter.com\/Houmaultcom\" target=\"_blank\" rel=\"noopener\"><\/a><a id=\"social2\" href=\"http:\/\/www.linkedin.com\/company\/houmault-com?goback=.bzo_*1_*1_*1_*1_*1_\/2828419&amp;trk=company_logo\" target=\"_blank\" rel=\"noopener\"><\/a><a id=\"social3\" href=\"http:\/\/www.viadeo.com\/fr\/company\/houmault-com\" target=\"_blank\" rel=\"noopener\"><\/a><a id=\"social4\" href=\"https:\/\/www.facebook.com\/pages\/Houmaultcom\/182280488487815\" target=\"_blank\" rel=\"noopener\"><\/a><br \/>\n&nbsp;<br \/>&nbsp;<\/p>\n<h2>Membre de<\/h2>\n<div id=\"logo1\"><\/div>\n<div id=\"logo2\"><\/div>\n<div id=\"logo3\"><\/div>\n","protected":false},"excerpt":{"rendered":"<p>Le mot du pr\u00e9sident Merci de vous int\u00e9resser \u00e0 notre cabinet, nous vous souhaitons la bienvenue sur notre site Internet. Houmault.com, cabinet de recrutement sp\u00e9cialiste du secteur Optique &amp; Photonique est le partenaire privil\u00e9gi\u00e9 des soci\u00e9t\u00e9s industrielles. Notre vocation est de vous aider \u00e0 recruter les meilleurs collaborateurs techniques ou commerciaux sur votre coeur de [&hellip;]<\/p>\n","protected":false},"author":1,"featured_media":0,"parent":0,"menu_order":0,"comment_status":"open","ping_status":"open","template":"page-accueil.php","meta":{"footnotes":""},"class_list":["post-16","page","type-page","status-publish","hentry"],"_links":{"self":[{"href":"https:\/\/www.houmault.com\/fr\/wp-json\/wp\/v2\/pages\/16","targetHints":{"allow":["GET"]}}],"collection":[{"href":"https:\/\/www.houmault.com\/fr\/wp-json\/wp\/v2\/pages"}],"about":[{"href":"https:\/\/www.houmault.com\/fr\/wp-json\/wp\/v2\/types\/page"}],"author":[{"embeddable":true,"href":"https:\/\/www.houmault.com\/fr\/wp-json\/wp\/v2\/users\/1"}],"replies":[{"embeddable":true,"href":"https:\/\/www.houmault.com\/fr\/wp-json\/wp\/v2\/comments?post=16"}],"version-history":[{"count":9,"href":"https:\/\/www.houmault.com\/fr\/wp-json\/wp\/v2\/pages\/16\/revisions"}],"predecessor-version":[{"id":1684,"href":"https:\/\/www.houmault.com\/fr\/wp-json\/wp\/v2\/pages\/16\/revisions\/1684"}],"wp:attachment":[{"href":"https:\/\/www.houmault.com\/fr\/wp-json\/wp\/v2\/media?parent=16"}],"curies":[{"name":"wp","href":"https:\/\/api.w.org\/{rel}","templated":true}]}}